{"id":1647,"date":"2025-11-17T09:07:43","date_gmt":"2025-11-17T01:07:43","guid":{"rendered":"http:\/\/www.tioxhua.com\/?page_id=1647"},"modified":"2026-01-05T10:46:21","modified_gmt":"2026-01-05T02:46:21","slug":"certifications","status":"publish","type":"page","link":"https:\/\/www.c-adtech.com\/pt\/certifications\/","title":{"rendered":"Certifica\u00e7\u00f5es"},"content":{"rendered":"<div data-elementor-type=\"wp-page\" data-elementor-id=\"1647\" class=\"elementor elementor-1647\" data-elementor-post-type=\"page\">\n\t\t\t\t<div class=\"elementor-element elementor-element-744433a e-flex e-con-boxed e-con e-parent\" data-id=\"744433a\" data-element_type=\"container\">\n\t\t\t\t\t<div class=\"e-con-inner\">\n\t\t\t\t<div class=\"elementor-element elementor-element-83af712 elementor-widget elementor-widget-heading\" data-id=\"83af712\" data-element_type=\"widget\" data-widget_type=\"heading.default\">\n\t\t\t\t<div class=\"elementor-widget-container\">\n\t\t\t\t\t<h1 class=\"elementor-heading-title elementor-size-default\">Certifica\u00e7\u00f5es<\/h1>\t\t\t\t<\/div>\n\t\t\t\t<\/div>\n\t\t\t\t\t<\/div>\n\t\t\t\t<\/div>\n\t\t<div class=\"elementor-element elementor-element-8ed2d13 e-flex e-con-boxed e-con e-parent\" data-id=\"8ed2d13\" data-element_type=\"container\">\n\t\t\t\t\t<div class=\"e-con-inner\">\n\t\t\t\t<div class=\"elementor-element elementor-element-e571d4b elementor-widget elementor-widget-text-editor\" data-id=\"e571d4b\" data-element_type=\"widget\" data-widget_type=\"text-editor.default\">\n\t\t\t\t<div class=\"elementor-widget-container\">\n\t\t\t\t\t\t\t\t\t<p data-start=\"97\" data-end=\"459\">Na ADtech, a qualidade e a fiabilidade s\u00e3o as nossas principais prioridades. Possu\u00edmos v\u00e1rias certifica\u00e7\u00f5es industriais que validam a excel\u00eancia dos nossos produtos e servi\u00e7os. As nossas certifica\u00e7\u00f5es reflectem o nosso compromisso em aderir a padr\u00f5es globais, assegurando que os nossos sistemas de desgaseifica\u00e7\u00e3o de alum\u00ednio, unidades de filtragem e outras solu\u00e7\u00f5es de fundi\u00e7\u00e3o cumprem os mais elevados padr\u00f5es de qualidade.<\/p><h3 data-start=\"461\" data-end=\"492\">As nossas certifica\u00e7\u00f5es incluem:<\/h3><ul data-start=\"493\" data-end=\"992\"><li data-start=\"493\" data-end=\"609\"><p data-start=\"495\" data-end=\"609\"><strong data-start=\"495\" data-end=\"508\">ISO 9001:<\/strong> Sistemas de gest\u00e3o da qualidade que asseguram a coer\u00eancia e a excel\u00eancia dos nossos processos de fabrico.<\/p><\/li><li data-start=\"610\" data-end=\"761\"><p data-start=\"612\" data-end=\"761\"><strong data-start=\"612\" data-end=\"626\">ISO 14001:<\/strong> Certifica\u00e7\u00e3o de gest\u00e3o ambiental, demonstrando o nosso empenhamento na sustentabilidade e em pr\u00e1ticas ecol\u00f3gicas nas nossas opera\u00e7\u00f5es.<\/p><\/li><li data-start=\"762\" data-end=\"891\"><p data-start=\"764\" data-end=\"891\"><strong data-start=\"764\" data-end=\"785\">Certifica\u00e7\u00e3o CE:<\/strong> Conformidade com as normas de seguran\u00e7a, sa\u00fade e prote\u00e7\u00e3o ambiental da Uni\u00e3o Europeia para os nossos produtos.<\/p><\/li><li data-start=\"892\" data-end=\"992\"><p data-start=\"894\" data-end=\"992\"><strong data-start=\"894\" data-end=\"916\">Certifica\u00e7\u00e3o SGS:<\/strong> Garantia da qualidade e do desempenho do produto com verifica\u00e7\u00e3o por terceiros.<\/p><\/li><\/ul><p data-start=\"994\" data-end=\"1293\">Esfor\u00e7amo-nos continuamente por exceder os padr\u00f5es da ind\u00fastria, fornecendo aos nossos clientes tecnologia de ponta e apoio fi\u00e1vel. Essas certifica\u00e7\u00f5es capacitam a ADtech a atender fundi\u00e7\u00f5es globais de alum\u00ednio, oferecendo produtos que garantem alto desempenho, seguran\u00e7a operacional e responsabilidade ambiental.<\/p>\t\t\t\t\t\t\t\t<\/div>\n\t\t\t\t<\/div>\n\t\t\t\t\t<\/div>\n\t\t\t\t<\/div>\n\t\t<div class=\"elementor-element elementor-element-9820dc5 e-flex e-con-boxed e-con e-parent\" data-id=\"9820dc5\" data-element_type=\"container\">\n\t\t\t\t\t<div class=\"e-con-inner\">\n\t\t\t\t<div class=\"elementor-element elementor-element-a9c0bf6 elementor-arrows-position-inside elementor-pagination-position-outside elementor-widget elementor-widget-image-carousel\" data-id=\"a9c0bf6\" data-element_type=\"widget\" data-settings=\"{&quot;navigation&quot;:&quot;both&quot;,&quot;autoplay&quot;:&quot;yes&quot;,&quot;pause_on_hover&quot;:&quot;yes&quot;,&quot;pause_on_interaction&quot;:&quot;yes&quot;,&quot;autoplay_speed&quot;:5000,&quot;infinite&quot;:&quot;yes&quot;,&quot;speed&quot;:500}\" data-widget_type=\"image-carousel.default\">\n\t\t\t\t<div class=\"elementor-widget-container\">\n\t\t\t\t\t\t\t<div class=\"elementor-image-carousel-wrapper swiper\" role=\"region\" aria-roledescription=\"carousel\" aria-label=\"Carrossel de imagens\" dir=\"ltr\">\n\t\t\t<div class=\"elementor-image-carousel swiper-wrapper\" aria-live=\"off\">\n\t\t\t\t\t\t\t\t<div class=\"swiper-slide\" role=\"group\" aria-roledescription=\"slide\" aria-label=\"1 de 3\"><figure class=\"swiper-slide-inner\"><img decoding=\"async\" class=\"swiper-slide-image\" src=\"https:\/\/www.c-adtech.com\/wp-content\/uploads\/2026\/01\/Certificate-of-Honor0.webp\" alt=\"Certificado\" \/><\/figure><\/div><div class=\"swiper-slide\" role=\"group\" aria-roledescription=\"slide\" aria-label=\"2 de 3\"><figure class=\"swiper-slide-inner\"><img decoding=\"async\" class=\"swiper-slide-image\" src=\"https:\/\/www.c-adtech.com\/wp-content\/uploads\/2026\/01\/Certificate-of-Honor02.webp\" alt=\"Certificado\" \/><\/figure><\/div><div class=\"swiper-slide\" role=\"group\" aria-roledescription=\"slide\" aria-label=\"3 de 3\"><figure class=\"swiper-slide-inner\"><img decoding=\"async\" class=\"swiper-slide-image\" src=\"https:\/\/www.c-adtech.com\/wp-content\/uploads\/2026\/01\/Certificate-of-Honor01.webp\" alt=\"Certificado\" \/><\/figure><\/div>\t\t\t<\/div>\n\t\t\t\t\t\t\t\t\t\t\t\t<div class=\"elementor-swiper-button elementor-swiper-button-prev\" role=\"button\" tabindex=\"0\">\n\t\t\t\t\t\t<i aria-hidden=\"true\" class=\"eicon-chevron-left\"><\/i>\t\t\t\t\t<\/div>\n\t\t\t\t\t<div class=\"elementor-swiper-button elementor-swiper-button-next\" role=\"button\" tabindex=\"0\">\n\t\t\t\t\t\t<i aria-hidden=\"true\" class=\"eicon-chevron-right\"><\/i>\t\t\t\t\t<\/div>\n\t\t\t\t\n\t\t\t\t\t\t\t\t\t<div class=\"swiper-pagination\"><\/div>\n\t\t\t\t\t\t\t\t\t<\/div>\n\t\t\t\t\t\t<\/div>\n\t\t\t\t<\/div>\n\t\t\t\t\t<\/div>\n\t\t\t\t<\/div>\n\t\t\t\t<\/div>","protected":false},"excerpt":{"rendered":"<p>Certifications At ADtech, quality and reliability are our top priorities. We hold various industry certifications that validate the excellence of our products and services. Our certifications reflect our commitment to adhering to global standards, ensuring that our aluminum degassing systems, filtration units, and other foundry solutions meet the highest quality benchmarks. Our Certifications Include: ISO [&hellip;]<\/p>\n","protected":false},"author":1,"featured_media":0,"parent":0,"menu_order":0,"comment_status":"closed","ping_status":"closed","template":"","meta":{"_acf_changed":false,"site-sidebar-layout":"no-sidebar","site-content-layout":"page-builder","ast-site-content-layout":"full-width-container","site-content-style":"default","site-sidebar-style":"default","ast-global-header-display":"","ast-banner-title-visibility":"","ast-main-header-display":"","ast-hfb-above-header-display":"","ast-hfb-below-header-display":"","ast-hfb-mobile-header-display":"","site-post-title":"disabled","ast-breadcrumbs-content":"disabled","ast-featured-img":"disabled","footer-sml-layout":"","theme-transparent-header-meta":"default","adv-header-id-meta":"","stick-header-meta":"default","header-above-stick-meta":"","header-main-stick-meta":"","header-below-stick-meta":"","astra-migrate-meta-layouts":"set","ast-page-background-enabled":"default","ast-page-background-meta":{"desktop":{"background-color":"var(--ast-global-color-4)","background-image":"","background-repeat":"repeat","background-position":"center center","background-size":"auto","background-attachment":"scroll","background-type":"","background-media":"","overlay-type":"","overlay-color":"","overlay-opacity":"","overlay-gradient":""},"tablet":{"background-color":"","background-image":"","background-repeat":"repeat","background-position":"center center","background-size":"auto","background-attachment":"scroll","background-type":"","background-media":"","overlay-type":"","overlay-color":"","overlay-opacity":"","overlay-gradient":""},"mobile":{"background-color":"","background-image":"","background-repeat":"repeat","background-position":"center center","background-size":"auto","background-attachment":"scroll","background-type":"","background-media":"","overlay-type":"","overlay-color":"","overlay-opacity":"","overlay-gradient":""}},"ast-content-background-meta":{"desktop":{"background-color":"var(--ast-global-color-5)","background-image":"","background-repeat":"repeat","background-position":"center center","background-size":"auto","background-attachment":"scroll","background-type":"","background-media":"","overlay-type":"","overlay-color":"","overlay-opacity":"","overlay-gradient":""},"tablet":{"background-color":"var(--ast-global-color-5)","background-image":"","background-repeat":"repeat","background-position":"center center","background-size":"auto","background-attachment":"scroll","background-type":"","background-media":"","overlay-type":"","overlay-color":"","overlay-opacity":"","overlay-gradient":""},"mobile":{"background-color":"var(--ast-global-color-5)","background-image":"","background-repeat":"repeat","background-position":"center center","background-size":"auto","background-attachment":"scroll","background-type":"","background-media":"","overlay-type":"","overlay-color":"","overlay-opacity":"","overlay-gradient":""}},"footnotes":""},"class_list":["post-1647","page","type-page","status-publish","hentry"],"acf":[],"yoast_head":"<!-- This site is optimized with the Yoast SEO plugin v26.8 - https:\/\/yoast.com\/product\/yoast-seo-wordpress\/ -->\n<title>Certifications, ADtech Quality &amp; Compliance - AdTech<\/title>\n<meta name=\"description\" content=\"See ADtech&#039;s certifications and compliance documents for online degassing units, ceramic foam filters and filtration systems for aluminum foundries.\" \/>\n<meta name=\"robots\" content=\"index, follow, max-snippet:-1, max-image-preview:large, max-video-preview:-1\" \/>\n<link rel=\"canonical\" href=\"https:\/\/www.c-adtech.com\/pt\/certifications\/\" \/>\n<meta property=\"og:locale\" content=\"pt_PT\" \/>\n<meta property=\"og:type\" content=\"article\" \/>\n<meta property=\"og:title\" content=\"Certifications, ADtech Quality &amp; Compliance - AdTech\" \/>\n<meta property=\"og:description\" content=\"See ADtech&#039;s certifications and compliance documents for online degassing units, ceramic foam filters and filtration systems for aluminum foundries.\" \/>\n<meta property=\"og:url\" content=\"https:\/\/www.c-adtech.com\/pt\/certifications\/\" \/>\n<meta property=\"og:site_name\" content=\"AdTech\" \/>\n<meta property=\"article:publisher\" content=\"https:\/\/www.facebook.com\/people\/AdTech-Metallurgical-Materials-Co-Ltd\/100064039905332\/\" \/>\n<meta property=\"article:modified_time\" content=\"2026-01-05T02:46:21+00:00\" \/>\n<meta property=\"og:image\" content=\"http:\/\/www.c-adtech.com\/wp-content\/uploads\/2026\/01\/Certificate-of-Honor0.webp\" \/>\n<meta name=\"twitter:card\" content=\"summary_large_image\" \/>\n<meta name=\"twitter:label1\" content=\"Tempo estimado de leitura\" \/>\n\t<meta name=\"twitter:data1\" content=\"3 minutos\" \/>\n<script type=\"application\/ld+json\" class=\"yoast-schema-graph\">{\"@context\":\"https:\/\/schema.org\",\"@graph\":[{\"@type\":\"WebPage\",\"@id\":\"https:\/\/www.c-adtech.com\/certifications\/\",\"url\":\"https:\/\/www.c-adtech.com\/certifications\/\",\"name\":\"Certifications, ADtech Quality & Compliance - AdTech\",\"isPartOf\":{\"@id\":\"https:\/\/www.c-adtech.com\/es\/#website\"},\"primaryImageOfPage\":{\"@id\":\"https:\/\/www.c-adtech.com\/certifications\/#primaryimage\"},\"image\":{\"@id\":\"https:\/\/www.c-adtech.com\/certifications\/#primaryimage\"},\"thumbnailUrl\":\"http:\/\/www.c-adtech.com\/wp-content\/uploads\/2026\/01\/Certificate-of-Honor0.webp\",\"datePublished\":\"2025-11-17T01:07:43+00:00\",\"dateModified\":\"2026-01-05T02:46:21+00:00\",\"description\":\"See ADtech's certifications and compliance documents for online degassing units, ceramic foam filters and filtration systems for aluminum foundries.\",\"breadcrumb\":{\"@id\":\"https:\/\/www.c-adtech.com\/certifications\/#breadcrumb\"},\"inLanguage\":\"pt-PT\",\"potentialAction\":[{\"@type\":\"ReadAction\",\"target\":[\"https:\/\/www.c-adtech.com\/certifications\/\"]}]},{\"@type\":\"ImageObject\",\"inLanguage\":\"pt-PT\",\"@id\":\"https:\/\/www.c-adtech.com\/certifications\/#primaryimage\",\"url\":\"http:\/\/www.c-adtech.com\/wp-content\/uploads\/2026\/01\/Certificate-of-Honor0.webp\",\"contentUrl\":\"http:\/\/www.c-adtech.com\/wp-content\/uploads\/2026\/01\/Certificate-of-Honor0.webp\"},{\"@type\":\"BreadcrumbList\",\"@id\":\"https:\/\/www.c-adtech.com\/certifications\/#breadcrumb\",\"itemListElement\":[{\"@type\":\"ListItem\",\"position\":1,\"name\":\"Home\",\"item\":\"https:\/\/www.c-adtech.com\/es\/\"},{\"@type\":\"ListItem\",\"position\":2,\"name\":\"Certifications\"}]},{\"@type\":\"WebSite\",\"@id\":\"https:\/\/www.c-adtech.com\/es\/#website\",\"url\":\"https:\/\/www.c-adtech.com\/es\/\",\"name\":\"AdTech\",\"description\":\"Aluminum Degassing, Filtration Equipment\",\"publisher\":{\"@id\":\"https:\/\/www.c-adtech.com\/es\/#organization\"},\"potentialAction\":[{\"@type\":\"SearchAction\",\"target\":{\"@type\":\"EntryPoint\",\"urlTemplate\":\"https:\/\/www.c-adtech.com\/es\/?s={search_term_string}\"},\"query-input\":{\"@type\":\"PropertyValueSpecification\",\"valueRequired\":true,\"valueName\":\"search_term_string\"}}],\"inLanguage\":\"pt-PT\"},{\"@type\":\"Organization\",\"@id\":\"https:\/\/www.c-adtech.com\/es\/#organization\",\"name\":\"AdTech\",\"url\":\"https:\/\/www.c-adtech.com\/es\/\",\"logo\":{\"@type\":\"ImageObject\",\"inLanguage\":\"pt-PT\",\"@id\":\"https:\/\/www.c-adtech.com\/es\/#\/schema\/logo\/image\/\",\"url\":\"https:\/\/www.c-adtech.com\/wp-content\/uploads\/2025\/11\/logo.webp\",\"contentUrl\":\"https:\/\/www.c-adtech.com\/wp-content\/uploads\/2025\/11\/logo.webp\",\"width\":230,\"height\":70,\"caption\":\"AdTech\"},\"image\":{\"@id\":\"https:\/\/www.c-adtech.com\/es\/#\/schema\/logo\/image\/\"},\"sameAs\":[\"https:\/\/www.facebook.com\/people\/AdTech-Metallurgical-Materials-Co-Ltd\/100064039905332\/\"]}]}<\/script>\n<!-- \/ Yoast SEO plugin. -->","yoast_head_json":{"title":"Certifica\u00e7\u00f5es, Qualidade e Conformidade ADtech - AdTech","description":"Veja as certifica\u00e7\u00f5es e documentos de conformidade da ADtech para unidades de desgaseifica\u00e7\u00e3o em linha, filtros de espuma cer\u00e2mica e sistemas de filtragem para fundi\u00e7\u00f5es de alum\u00ednio.","robots":{"index":"index","follow":"follow","max-snippet":"max-snippet:-1","max-image-preview":"max-image-preview:large","max-video-preview":"max-video-preview:-1"},"canonical":"https:\/\/www.c-adtech.com\/pt\/certifications\/","og_locale":"pt_PT","og_type":"article","og_title":"Certifications, ADtech Quality & Compliance - AdTech","og_description":"See ADtech's certifications and compliance documents for online degassing units, ceramic foam filters and filtration systems for aluminum foundries.","og_url":"https:\/\/www.c-adtech.com\/pt\/certifications\/","og_site_name":"AdTech","article_publisher":"https:\/\/www.facebook.com\/people\/AdTech-Metallurgical-Materials-Co-Ltd\/100064039905332\/","article_modified_time":"2026-01-05T02:46:21+00:00","og_image":[{"url":"http:\/\/www.c-adtech.com\/wp-content\/uploads\/2026\/01\/Certificate-of-Honor0.webp","type":"","width":"","height":""}],"twitter_card":"summary_large_image","twitter_misc":{"Tempo estimado de leitura":"3 minutos"},"schema":{"@context":"https:\/\/schema.org","@graph":[{"@type":"WebPage","@id":"https:\/\/www.c-adtech.com\/certifications\/","url":"https:\/\/www.c-adtech.com\/certifications\/","name":"Certifica\u00e7\u00f5es, Qualidade e Conformidade ADtech - AdTech","isPartOf":{"@id":"https:\/\/www.c-adtech.com\/es\/#website"},"primaryImageOfPage":{"@id":"https:\/\/www.c-adtech.com\/certifications\/#primaryimage"},"image":{"@id":"https:\/\/www.c-adtech.com\/certifications\/#primaryimage"},"thumbnailUrl":"http:\/\/www.c-adtech.com\/wp-content\/uploads\/2026\/01\/Certificate-of-Honor0.webp","datePublished":"2025-11-17T01:07:43+00:00","dateModified":"2026-01-05T02:46:21+00:00","description":"Veja as certifica\u00e7\u00f5es e documentos de conformidade da ADtech para unidades de desgaseifica\u00e7\u00e3o em linha, filtros de espuma cer\u00e2mica e sistemas de filtragem para fundi\u00e7\u00f5es de alum\u00ednio.","breadcrumb":{"@id":"https:\/\/www.c-adtech.com\/certifications\/#breadcrumb"},"inLanguage":"pt-PT","potentialAction":[{"@type":"ReadAction","target":["https:\/\/www.c-adtech.com\/certifications\/"]}]},{"@type":"ImageObject","inLanguage":"pt-PT","@id":"https:\/\/www.c-adtech.com\/certifications\/#primaryimage","url":"http:\/\/www.c-adtech.com\/wp-content\/uploads\/2026\/01\/Certificate-of-Honor0.webp","contentUrl":"http:\/\/www.c-adtech.com\/wp-content\/uploads\/2026\/01\/Certificate-of-Honor0.webp"},{"@type":"BreadcrumbList","@id":"https:\/\/www.c-adtech.com\/certifications\/#breadcrumb","itemListElement":[{"@type":"ListItem","position":1,"name":"Home","item":"https:\/\/www.c-adtech.com\/es\/"},{"@type":"ListItem","position":2,"name":"Certifications"}]},{"@type":"WebSite","@id":"https:\/\/www.c-adtech.com\/es\/#website","url":"https:\/\/www.c-adtech.com\/es\/","name":"AdTech","description":"Desgaseifica\u00e7\u00e3o de alum\u00ednio, equipamento de filtragem","publisher":{"@id":"https:\/\/www.c-adtech.com\/es\/#organization"},"potentialAction":[{"@type":"SearchAction","target":{"@type":"EntryPoint","urlTemplate":"https:\/\/www.c-adtech.com\/es\/?s={search_term_string}"},"query-input":{"@type":"PropertyValueSpecification","valueRequired":true,"valueName":"search_term_string"}}],"inLanguage":"pt-PT"},{"@type":"Organization","@id":"https:\/\/www.c-adtech.com\/es\/#organization","name":"AdTech","url":"https:\/\/www.c-adtech.com\/es\/","logo":{"@type":"ImageObject","inLanguage":"pt-PT","@id":"https:\/\/www.c-adtech.com\/es\/#\/schema\/logo\/image\/","url":"https:\/\/www.c-adtech.com\/wp-content\/uploads\/2025\/11\/logo.webp","contentUrl":"https:\/\/www.c-adtech.com\/wp-content\/uploads\/2025\/11\/logo.webp","width":230,"height":70,"caption":"AdTech"},"image":{"@id":"https:\/\/www.c-adtech.com\/es\/#\/schema\/logo\/image\/"},"sameAs":["https:\/\/www.facebook.com\/people\/AdTech-Metallurgical-Materials-Co-Ltd\/100064039905332\/"]}]}},"_links":{"self":[{"href":"https:\/\/www.c-adtech.com\/pt\/wp-json\/wp\/v2\/pages\/1647","targetHints":{"allow":["GET"]}}],"collection":[{"href":"https:\/\/www.c-adtech.com\/pt\/wp-json\/wp\/v2\/pages"}],"about":[{"href":"https:\/\/www.c-adtech.com\/pt\/wp-json\/wp\/v2\/types\/page"}],"author":[{"embeddable":true,"href":"https:\/\/www.c-adtech.com\/pt\/wp-json\/wp\/v2\/users\/1"}],"replies":[{"embeddable":true,"href":"https:\/\/www.c-adtech.com\/pt\/wp-json\/wp\/v2\/comments?post=1647"}],"version-history":[{"count":24,"href":"https:\/\/www.c-adtech.com\/pt\/wp-json\/wp\/v2\/pages\/1647\/revisions"}],"predecessor-version":[{"id":2609,"href":"https:\/\/www.c-adtech.com\/pt\/wp-json\/wp\/v2\/pages\/1647\/revisions\/2609"}],"wp:attachment":[{"href":"https:\/\/www.c-adtech.com\/pt\/wp-json\/wp\/v2\/media?parent=1647"}],"curies":[{"name":"wp","href":"https:\/\/api.w.org\/{rel}","templated":true}]}}