{"id":1647,"date":"2025-11-17T09:07:43","date_gmt":"2025-11-17T01:07:43","guid":{"rendered":"http:\/\/www.tioxhua.com\/?page_id=1647"},"modified":"2026-01-05T10:46:21","modified_gmt":"2026-01-05T02:46:21","slug":"certifications","status":"publish","type":"page","link":"https:\/\/www.c-adtech.com\/fr\/certifications\/","title":{"rendered":"Certifications"},"content":{"rendered":"<div data-elementor-type=\"wp-page\" data-elementor-id=\"1647\" class=\"elementor elementor-1647\" data-elementor-post-type=\"page\">\n\t\t\t\t<div class=\"elementor-element elementor-element-744433a e-flex e-con-boxed e-con e-parent\" data-id=\"744433a\" data-element_type=\"container\">\n\t\t\t\t\t<div class=\"e-con-inner\">\n\t\t\t\t<div class=\"elementor-element elementor-element-83af712 elementor-widget elementor-widget-heading\" data-id=\"83af712\" data-element_type=\"widget\" data-widget_type=\"heading.default\">\n\t\t\t\t<div class=\"elementor-widget-container\">\n\t\t\t\t\t<h1 class=\"elementor-heading-title elementor-size-default\">Certifications<\/h1>\t\t\t\t<\/div>\n\t\t\t\t<\/div>\n\t\t\t\t\t<\/div>\n\t\t\t\t<\/div>\n\t\t<div class=\"elementor-element elementor-element-8ed2d13 e-flex e-con-boxed e-con e-parent\" data-id=\"8ed2d13\" data-element_type=\"container\">\n\t\t\t\t\t<div class=\"e-con-inner\">\n\t\t\t\t<div class=\"elementor-element elementor-element-e571d4b elementor-widget elementor-widget-text-editor\" data-id=\"e571d4b\" data-element_type=\"widget\" data-widget_type=\"text-editor.default\">\n\t\t\t\t<div class=\"elementor-widget-container\">\n\t\t\t\t\t\t\t\t\t<p data-start=\"97\" data-end=\"459\">Chez ADtech, la qualit\u00e9 et la fiabilit\u00e9 sont nos principales priorit\u00e9s. Nous d\u00e9tenons plusieurs certifications industrielles qui valident l'excellence de nos produits et services. Nos certifications refl\u00e8tent notre engagement \u00e0 respecter les normes mondiales, garantissant que nos syst\u00e8mes de d\u00e9gazage de l'aluminium, nos unit\u00e9s de filtration et nos autres solutions de fonderie r\u00e9pondent aux crit\u00e8res de qualit\u00e9 les plus \u00e9lev\u00e9s.<\/p><h3 data-start=\"461\" data-end=\"492\">Nos certifications comprennent<\/h3><ul data-start=\"493\" data-end=\"992\"><li data-start=\"493\" data-end=\"609\"><p data-start=\"495\" data-end=\"609\"><strong data-start=\"495\" data-end=\"508\">ISO 9001 :<\/strong> Des syst\u00e8mes de gestion de la qualit\u00e9 garantissant la coh\u00e9rence et l'excellence de nos processus de fabrication.<\/p><\/li><li data-start=\"610\" data-end=\"761\"><p data-start=\"612\" data-end=\"761\"><strong data-start=\"612\" data-end=\"626\">ISO 14001 :<\/strong> Certification de gestion environnementale, d\u00e9montrant notre engagement en faveur du d\u00e9veloppement durable et des pratiques respectueuses de l'environnement dans le cadre de nos activit\u00e9s.<\/p><\/li><li data-start=\"762\" data-end=\"891\"><p data-start=\"764\" data-end=\"891\"><strong data-start=\"764\" data-end=\"785\">Certification CE :<\/strong> Respect des normes de l'Union europ\u00e9enne en mati\u00e8re de s\u00e9curit\u00e9, de sant\u00e9 et de protection de l'environnement pour nos produits.<\/p><\/li><li data-start=\"892\" data-end=\"992\"><p data-start=\"894\" data-end=\"992\"><strong data-start=\"894\" data-end=\"916\">SGS Certification :<\/strong> Assurance de la qualit\u00e9 et de la performance des produits gr\u00e2ce \u00e0 une v\u00e9rification par une tierce partie.<\/p><\/li><\/ul><p data-start=\"994\" data-end=\"1293\">Nous nous effor\u00e7ons en permanence de d\u00e9passer les normes industrielles, en fournissant \u00e0 nos clients une technologie de pointe et une assistance fiable. Ces certifications permettent \u00e0 ADtech de servir les fonderies d'aluminium du monde entier, en offrant des produits qui garantissent des performances \u00e9lev\u00e9es, une s\u00e9curit\u00e9 op\u00e9rationnelle et une responsabilit\u00e9 environnementale.<\/p>\t\t\t\t\t\t\t\t<\/div>\n\t\t\t\t<\/div>\n\t\t\t\t\t<\/div>\n\t\t\t\t<\/div>\n\t\t<div class=\"elementor-element elementor-element-9820dc5 e-flex e-con-boxed e-con e-parent\" data-id=\"9820dc5\" data-element_type=\"container\">\n\t\t\t\t\t<div class=\"e-con-inner\">\n\t\t\t\t<div class=\"elementor-element elementor-element-a9c0bf6 elementor-arrows-position-inside elementor-pagination-position-outside elementor-widget elementor-widget-image-carousel\" data-id=\"a9c0bf6\" data-element_type=\"widget\" data-settings=\"{&quot;navigation&quot;:&quot;both&quot;,&quot;autoplay&quot;:&quot;yes&quot;,&quot;pause_on_hover&quot;:&quot;yes&quot;,&quot;pause_on_interaction&quot;:&quot;yes&quot;,&quot;autoplay_speed&quot;:5000,&quot;infinite&quot;:&quot;yes&quot;,&quot;speed&quot;:500}\" data-widget_type=\"image-carousel.default\">\n\t\t\t\t<div class=\"elementor-widget-container\">\n\t\t\t\t\t\t\t<div class=\"elementor-image-carousel-wrapper swiper\" role=\"region\" aria-roledescription=\"carousel\" aria-label=\"Carrousel d&#039;images\" dir=\"ltr\">\n\t\t\t<div class=\"elementor-image-carousel swiper-wrapper\" aria-live=\"off\">\n\t\t\t\t\t\t\t\t<div class=\"swiper-slide\" role=\"group\" aria-roledescription=\"slide\" aria-label=\"1 sur 3\"><figure class=\"swiper-slide-inner\"><img decoding=\"async\" class=\"swiper-slide-image\" src=\"https:\/\/www.c-adtech.com\/wp-content\/uploads\/2026\/01\/Certificate-of-Honor0.webp\" alt=\"Certificat\" \/><\/figure><\/div><div class=\"swiper-slide\" role=\"group\" aria-roledescription=\"slide\" aria-label=\"2 sur 3\"><figure class=\"swiper-slide-inner\"><img decoding=\"async\" class=\"swiper-slide-image\" src=\"https:\/\/www.c-adtech.com\/wp-content\/uploads\/2026\/01\/Certificate-of-Honor02.webp\" alt=\"Certificat\" \/><\/figure><\/div><div class=\"swiper-slide\" role=\"group\" aria-roledescription=\"slide\" aria-label=\"3 sur 3\"><figure class=\"swiper-slide-inner\"><img decoding=\"async\" class=\"swiper-slide-image\" src=\"https:\/\/www.c-adtech.com\/wp-content\/uploads\/2026\/01\/Certificate-of-Honor01.webp\" alt=\"Certificat\" \/><\/figure><\/div>\t\t\t<\/div>\n\t\t\t\t\t\t\t\t\t\t\t\t<div class=\"elementor-swiper-button elementor-swiper-button-prev\" role=\"button\" tabindex=\"0\">\n\t\t\t\t\t\t<i aria-hidden=\"true\" class=\"eicon-chevron-left\"><\/i>\t\t\t\t\t<\/div>\n\t\t\t\t\t<div class=\"elementor-swiper-button elementor-swiper-button-next\" role=\"button\" tabindex=\"0\">\n\t\t\t\t\t\t<i aria-hidden=\"true\" class=\"eicon-chevron-right\"><\/i>\t\t\t\t\t<\/div>\n\t\t\t\t\n\t\t\t\t\t\t\t\t\t<div class=\"swiper-pagination\"><\/div>\n\t\t\t\t\t\t\t\t\t<\/div>\n\t\t\t\t\t\t<\/div>\n\t\t\t\t<\/div>\n\t\t\t\t\t<\/div>\n\t\t\t\t<\/div>\n\t\t\t\t<\/div>","protected":false},"excerpt":{"rendered":"<p>Certifications At ADtech, quality and reliability are our top priorities. We hold various industry certifications that validate the excellence of our products and services. Our certifications reflect our commitment to adhering to global standards, ensuring that our aluminum degassing systems, filtration units, and other foundry solutions meet the highest quality benchmarks. Our Certifications Include: ISO [&hellip;]<\/p>\n","protected":false},"author":1,"featured_media":0,"parent":0,"menu_order":0,"comment_status":"closed","ping_status":"closed","template":"","meta":{"_acf_changed":false,"site-sidebar-layout":"no-sidebar","site-content-layout":"page-builder","ast-site-content-layout":"full-width-container","site-content-style":"default","site-sidebar-style":"default","ast-global-header-display":"","ast-banner-title-visibility":"","ast-main-header-display":"","ast-hfb-above-header-display":"","ast-hfb-below-header-display":"","ast-hfb-mobile-header-display":"","site-post-title":"disabled","ast-breadcrumbs-content":"disabled","ast-featured-img":"disabled","footer-sml-layout":"","theme-transparent-header-meta":"default","adv-header-id-meta":"","stick-header-meta":"default","header-above-stick-meta":"","header-main-stick-meta":"","header-below-stick-meta":"","astra-migrate-meta-layouts":"set","ast-page-background-enabled":"default","ast-page-background-meta":{"desktop":{"background-color":"var(--ast-global-color-4)","background-image":"","background-repeat":"repeat","background-position":"center center","background-size":"auto","background-attachment":"scroll","background-type":"","background-media":"","overlay-type":"","overlay-color":"","overlay-opacity":"","overlay-gradient":""},"tablet":{"background-color":"","background-image":"","background-repeat":"repeat","background-position":"center center","background-size":"auto","background-attachment":"scroll","background-type":"","background-media":"","overlay-type":"","overlay-color":"","overlay-opacity":"","overlay-gradient":""},"mobile":{"background-color":"","background-image":"","background-repeat":"repeat","background-position":"center center","background-size":"auto","background-attachment":"scroll","background-type":"","background-media":"","overlay-type":"","overlay-color":"","overlay-opacity":"","overlay-gradient":""}},"ast-content-background-meta":{"desktop":{"background-color":"var(--ast-global-color-5)","background-image":"","background-repeat":"repeat","background-position":"center center","background-size":"auto","background-attachment":"scroll","background-type":"","background-media":"","overlay-type":"","overlay-color":"","overlay-opacity":"","overlay-gradient":""},"tablet":{"background-color":"var(--ast-global-color-5)","background-image":"","background-repeat":"repeat","background-position":"center center","background-size":"auto","background-attachment":"scroll","background-type":"","background-media":"","overlay-type":"","overlay-color":"","overlay-opacity":"","overlay-gradient":""},"mobile":{"background-color":"var(--ast-global-color-5)","background-image":"","background-repeat":"repeat","background-position":"center center","background-size":"auto","background-attachment":"scroll","background-type":"","background-media":"","overlay-type":"","overlay-color":"","overlay-opacity":"","overlay-gradient":""}},"footnotes":""},"class_list":["post-1647","page","type-page","status-publish","hentry"],"acf":[],"yoast_head":"<!-- This site is optimized with the Yoast SEO plugin v26.8 - https:\/\/yoast.com\/product\/yoast-seo-wordpress\/ -->\n<title>Certifications, ADtech Quality &amp; Compliance - AdTech<\/title>\n<meta name=\"description\" content=\"See ADtech&#039;s certifications and compliance documents for online degassing units, ceramic foam filters and filtration systems for aluminum foundries.\" \/>\n<meta name=\"robots\" content=\"index, follow, max-snippet:-1, max-image-preview:large, max-video-preview:-1\" \/>\n<link rel=\"canonical\" href=\"https:\/\/www.c-adtech.com\/fr\/certifications\/\" \/>\n<meta property=\"og:locale\" content=\"fr_FR\" \/>\n<meta property=\"og:type\" content=\"article\" \/>\n<meta property=\"og:title\" content=\"Certifications, ADtech Quality &amp; Compliance - AdTech\" \/>\n<meta property=\"og:description\" content=\"See ADtech&#039;s certifications and compliance documents for online degassing units, ceramic foam filters and filtration systems for aluminum foundries.\" \/>\n<meta property=\"og:url\" content=\"https:\/\/www.c-adtech.com\/fr\/certifications\/\" \/>\n<meta property=\"og:site_name\" content=\"AdTech\" \/>\n<meta property=\"article:publisher\" content=\"https:\/\/www.facebook.com\/people\/AdTech-Metallurgical-Materials-Co-Ltd\/100064039905332\/\" \/>\n<meta property=\"article:modified_time\" content=\"2026-01-05T02:46:21+00:00\" \/>\n<meta property=\"og:image\" content=\"http:\/\/www.c-adtech.com\/wp-content\/uploads\/2026\/01\/Certificate-of-Honor0.webp\" \/>\n<meta name=\"twitter:card\" content=\"summary_large_image\" \/>\n<meta name=\"twitter:label1\" content=\"Dur\u00e9e de lecture estim\u00e9e\" \/>\n\t<meta name=\"twitter:data1\" content=\"3 minutes\" \/>\n<script type=\"application\/ld+json\" class=\"yoast-schema-graph\">{\"@context\":\"https:\/\/schema.org\",\"@graph\":[{\"@type\":\"WebPage\",\"@id\":\"https:\/\/www.c-adtech.com\/certifications\/\",\"url\":\"https:\/\/www.c-adtech.com\/certifications\/\",\"name\":\"Certifications, ADtech Quality & Compliance - AdTech\",\"isPartOf\":{\"@id\":\"https:\/\/www.c-adtech.com\/es\/#website\"},\"primaryImageOfPage\":{\"@id\":\"https:\/\/www.c-adtech.com\/certifications\/#primaryimage\"},\"image\":{\"@id\":\"https:\/\/www.c-adtech.com\/certifications\/#primaryimage\"},\"thumbnailUrl\":\"http:\/\/www.c-adtech.com\/wp-content\/uploads\/2026\/01\/Certificate-of-Honor0.webp\",\"datePublished\":\"2025-11-17T01:07:43+00:00\",\"dateModified\":\"2026-01-05T02:46:21+00:00\",\"description\":\"See ADtech's certifications and compliance documents for online degassing units, ceramic foam filters and filtration systems for aluminum foundries.\",\"breadcrumb\":{\"@id\":\"https:\/\/www.c-adtech.com\/certifications\/#breadcrumb\"},\"inLanguage\":\"fr-FR\",\"potentialAction\":[{\"@type\":\"ReadAction\",\"target\":[\"https:\/\/www.c-adtech.com\/certifications\/\"]}]},{\"@type\":\"ImageObject\",\"inLanguage\":\"fr-FR\",\"@id\":\"https:\/\/www.c-adtech.com\/certifications\/#primaryimage\",\"url\":\"http:\/\/www.c-adtech.com\/wp-content\/uploads\/2026\/01\/Certificate-of-Honor0.webp\",\"contentUrl\":\"http:\/\/www.c-adtech.com\/wp-content\/uploads\/2026\/01\/Certificate-of-Honor0.webp\"},{\"@type\":\"BreadcrumbList\",\"@id\":\"https:\/\/www.c-adtech.com\/certifications\/#breadcrumb\",\"itemListElement\":[{\"@type\":\"ListItem\",\"position\":1,\"name\":\"Home\",\"item\":\"https:\/\/www.c-adtech.com\/es\/\"},{\"@type\":\"ListItem\",\"position\":2,\"name\":\"Certifications\"}]},{\"@type\":\"WebSite\",\"@id\":\"https:\/\/www.c-adtech.com\/es\/#website\",\"url\":\"https:\/\/www.c-adtech.com\/es\/\",\"name\":\"AdTech\",\"description\":\"Aluminum Degassing, Filtration Equipment\",\"publisher\":{\"@id\":\"https:\/\/www.c-adtech.com\/es\/#organization\"},\"potentialAction\":[{\"@type\":\"SearchAction\",\"target\":{\"@type\":\"EntryPoint\",\"urlTemplate\":\"https:\/\/www.c-adtech.com\/es\/?s={search_term_string}\"},\"query-input\":{\"@type\":\"PropertyValueSpecification\",\"valueRequired\":true,\"valueName\":\"search_term_string\"}}],\"inLanguage\":\"fr-FR\"},{\"@type\":\"Organization\",\"@id\":\"https:\/\/www.c-adtech.com\/es\/#organization\",\"name\":\"AdTech\",\"url\":\"https:\/\/www.c-adtech.com\/es\/\",\"logo\":{\"@type\":\"ImageObject\",\"inLanguage\":\"fr-FR\",\"@id\":\"https:\/\/www.c-adtech.com\/es\/#\/schema\/logo\/image\/\",\"url\":\"https:\/\/www.c-adtech.com\/wp-content\/uploads\/2025\/11\/logo.webp\",\"contentUrl\":\"https:\/\/www.c-adtech.com\/wp-content\/uploads\/2025\/11\/logo.webp\",\"width\":230,\"height\":70,\"caption\":\"AdTech\"},\"image\":{\"@id\":\"https:\/\/www.c-adtech.com\/es\/#\/schema\/logo\/image\/\"},\"sameAs\":[\"https:\/\/www.facebook.com\/people\/AdTech-Metallurgical-Materials-Co-Ltd\/100064039905332\/\"]}]}<\/script>\n<!-- \/ Yoast SEO plugin. -->","yoast_head_json":{"title":"Certifications, qualit\u00e9 et conformit\u00e9 ADtech - AdTech","description":"Voir les certifications et les documents de conformit\u00e9 d'ADtech pour les unit\u00e9s de d\u00e9gazage en ligne, les filtres en mousse c\u00e9ramique et les syst\u00e8mes de filtration pour les fonderies d'aluminium.","robots":{"index":"index","follow":"follow","max-snippet":"max-snippet:-1","max-image-preview":"max-image-preview:large","max-video-preview":"max-video-preview:-1"},"canonical":"https:\/\/www.c-adtech.com\/fr\/certifications\/","og_locale":"fr_FR","og_type":"article","og_title":"Certifications, ADtech Quality & Compliance - AdTech","og_description":"See ADtech's certifications and compliance documents for online degassing units, ceramic foam filters and filtration systems for aluminum foundries.","og_url":"https:\/\/www.c-adtech.com\/fr\/certifications\/","og_site_name":"AdTech","article_publisher":"https:\/\/www.facebook.com\/people\/AdTech-Metallurgical-Materials-Co-Ltd\/100064039905332\/","article_modified_time":"2026-01-05T02:46:21+00:00","og_image":[{"url":"http:\/\/www.c-adtech.com\/wp-content\/uploads\/2026\/01\/Certificate-of-Honor0.webp","type":"","width":"","height":""}],"twitter_card":"summary_large_image","twitter_misc":{"Dur\u00e9e de lecture estim\u00e9e":"3 minutes"},"schema":{"@context":"https:\/\/schema.org","@graph":[{"@type":"WebPage","@id":"https:\/\/www.c-adtech.com\/certifications\/","url":"https:\/\/www.c-adtech.com\/certifications\/","name":"Certifications, qualit\u00e9 et conformit\u00e9 ADtech - AdTech","isPartOf":{"@id":"https:\/\/www.c-adtech.com\/es\/#website"},"primaryImageOfPage":{"@id":"https:\/\/www.c-adtech.com\/certifications\/#primaryimage"},"image":{"@id":"https:\/\/www.c-adtech.com\/certifications\/#primaryimage"},"thumbnailUrl":"http:\/\/www.c-adtech.com\/wp-content\/uploads\/2026\/01\/Certificate-of-Honor0.webp","datePublished":"2025-11-17T01:07:43+00:00","dateModified":"2026-01-05T02:46:21+00:00","description":"Voir les certifications et les documents de conformit\u00e9 d'ADtech pour les unit\u00e9s de d\u00e9gazage en ligne, les filtres en mousse c\u00e9ramique et les syst\u00e8mes de filtration pour les fonderies d'aluminium.","breadcrumb":{"@id":"https:\/\/www.c-adtech.com\/certifications\/#breadcrumb"},"inLanguage":"fr-FR","potentialAction":[{"@type":"ReadAction","target":["https:\/\/www.c-adtech.com\/certifications\/"]}]},{"@type":"ImageObject","inLanguage":"fr-FR","@id":"https:\/\/www.c-adtech.com\/certifications\/#primaryimage","url":"http:\/\/www.c-adtech.com\/wp-content\/uploads\/2026\/01\/Certificate-of-Honor0.webp","contentUrl":"http:\/\/www.c-adtech.com\/wp-content\/uploads\/2026\/01\/Certificate-of-Honor0.webp"},{"@type":"BreadcrumbList","@id":"https:\/\/www.c-adtech.com\/certifications\/#breadcrumb","itemListElement":[{"@type":"ListItem","position":1,"name":"Home","item":"https:\/\/www.c-adtech.com\/es\/"},{"@type":"ListItem","position":2,"name":"Certifications"}]},{"@type":"WebSite","@id":"https:\/\/www.c-adtech.com\/es\/#website","url":"https:\/\/www.c-adtech.com\/es\/","name":"AdTech","description":"D\u00e9gazage de l'aluminium, \u00e9quipement de filtration","publisher":{"@id":"https:\/\/www.c-adtech.com\/es\/#organization"},"potentialAction":[{"@type":"SearchAction","target":{"@type":"EntryPoint","urlTemplate":"https:\/\/www.c-adtech.com\/es\/?s={search_term_string}"},"query-input":{"@type":"PropertyValueSpecification","valueRequired":true,"valueName":"search_term_string"}}],"inLanguage":"fr-FR"},{"@type":"Organization","@id":"https:\/\/www.c-adtech.com\/es\/#organization","name":"AdTech","url":"https:\/\/www.c-adtech.com\/es\/","logo":{"@type":"ImageObject","inLanguage":"fr-FR","@id":"https:\/\/www.c-adtech.com\/es\/#\/schema\/logo\/image\/","url":"https:\/\/www.c-adtech.com\/wp-content\/uploads\/2025\/11\/logo.webp","contentUrl":"https:\/\/www.c-adtech.com\/wp-content\/uploads\/2025\/11\/logo.webp","width":230,"height":70,"caption":"AdTech"},"image":{"@id":"https:\/\/www.c-adtech.com\/es\/#\/schema\/logo\/image\/"},"sameAs":["https:\/\/www.facebook.com\/people\/AdTech-Metallurgical-Materials-Co-Ltd\/100064039905332\/"]}]}},"_links":{"self":[{"href":"https:\/\/www.c-adtech.com\/fr\/wp-json\/wp\/v2\/pages\/1647","targetHints":{"allow":["GET"]}}],"collection":[{"href":"https:\/\/www.c-adtech.com\/fr\/wp-json\/wp\/v2\/pages"}],"about":[{"href":"https:\/\/www.c-adtech.com\/fr\/wp-json\/wp\/v2\/types\/page"}],"author":[{"embeddable":true,"href":"https:\/\/www.c-adtech.com\/fr\/wp-json\/wp\/v2\/users\/1"}],"replies":[{"embeddable":true,"href":"https:\/\/www.c-adtech.com\/fr\/wp-json\/wp\/v2\/comments?post=1647"}],"version-history":[{"count":24,"href":"https:\/\/www.c-adtech.com\/fr\/wp-json\/wp\/v2\/pages\/1647\/revisions"}],"predecessor-version":[{"id":2609,"href":"https:\/\/www.c-adtech.com\/fr\/wp-json\/wp\/v2\/pages\/1647\/revisions\/2609"}],"wp:attachment":[{"href":"https:\/\/www.c-adtech.com\/fr\/wp-json\/wp\/v2\/media?parent=1647"}],"curies":[{"name":"wp","href":"https:\/\/api.w.org\/{rel}","templated":true}]}}