{"id":1661,"date":"2025-11-17T09:18:29","date_gmt":"2025-11-17T01:18:29","guid":{"rendered":"http:\/\/www.tioxhua.com\/?page_id=1661"},"modified":"2025-11-18T11:10:14","modified_gmt":"2025-11-18T03:10:14","slug":"factory-workshops","status":"publish","type":"page","link":"https:\/\/www.c-adtech.com\/de\/factory-workshops\/","title":{"rendered":"Werkst\u00e4tten"},"content":{"rendered":"<div data-elementor-type=\"wp-page\" data-elementor-id=\"1661\" class=\"elementor elementor-1661\" data-elementor-post-type=\"page\">\n\t\t\t\t<div class=\"elementor-element elementor-element-9a3732f e-flex e-con-boxed e-con e-parent\" data-id=\"9a3732f\" data-element_type=\"container\">\n\t\t\t\t\t<div class=\"e-con-inner\">\n\t\t\t\t<div class=\"elementor-element elementor-element-c60d5a9 elementor-widget elementor-widget-heading\" data-id=\"c60d5a9\" data-element_type=\"widget\" data-widget_type=\"heading.default\">\n\t\t\t\t<div class=\"elementor-widget-container\">\n\t\t\t\t\t<h1 class=\"elementor-heading-title elementor-size-default\">Werkst\u00e4tten<\/h1>\t\t\t\t<\/div>\n\t\t\t\t<\/div>\n\t\t\t\t\t<\/div>\n\t\t\t\t<\/div>\n\t\t<div class=\"elementor-element elementor-element-c1c1513 e-flex e-con-boxed e-con e-parent\" data-id=\"c1c1513\" data-element_type=\"container\">\n\t\t\t\t\t<div class=\"e-con-inner\">\n\t\t\t\t<div class=\"elementor-element elementor-element-66025cc elementor-widget elementor-widget-text-editor\" data-id=\"66025cc\" data-element_type=\"widget\" data-widget_type=\"text-editor.default\">\n\t\t\t\t<div class=\"elementor-widget-container\">\n\t\t\t\t\t\t\t\t\t<p data-start=\"211\" data-end=\"596\">Die Fabrik und die Werkst\u00e4tten von ADtech verk\u00f6rpern ein umfassendes Produktionssystem, das f\u00fcr die hochpr\u00e4zisen Anforderungen der Aluminiumgussindustrie entwickelt wurde. Unser 2012 gegr\u00fcndeter Produktionskomplex in Wenxian, China, umfasst mehr als 20.000 m\u00b2 und integriert Forschung, Produktion, Montage und Pr\u00fcfung unter einem Dach.<\/p><p data-start=\"598\" data-end=\"1070\">In unseren Werkst\u00e4tten werden in hochmodernen Produktionslinien unsere Kernausr\u00fcstungen - Online-Entgasungsanlagen, Plattenfilteranlagen, Schaumkeramikfilter, Rinnen und Durchflussregelungskomponenten - unter Verwendung von hochsiliziumhaltigen, hochtemperaturbest\u00e4ndigen Feuerfestmaterialien und vollautomatischen Montageverfahren hergestellt. Unsere integrierten Rinnensysteme verwenden beispielsweise Auskleidungen aus hochsiliziumhaltigen Schmelzmaterialien f\u00fcr Korrosionsbest\u00e4ndigkeit und Antihaftwirkung bei geschmolzenem Metall.<\/p><p data-start=\"1072\" data-end=\"1458\">Die Qualit\u00e4tssicherung ist in jeden Schritt eingebettet: von der Rohmaterialkontrolle bis hin zur Inline-Pr\u00fcfung von Entgasungsrotoren und Filtrationsmodulen durchl\u00e4uft jede Charge strenge Bewertungsprotokolle. Als ein nach ISO 9001 und ISO 14001 zertifiziertes (und von SGS gepr\u00fcftes) Werk bieten wir Konformit\u00e4t, Stabilit\u00e4t und Reproduzierbarkeit f\u00fcr globale Aluminiumgie\u00dfereien.<\/p><p data-start=\"1460\" data-end=\"1752\">Unser erfahrenes Ingenieurteam mit mehr als 18 erfahrenen Fachleuten und mehr als 200 Mitarbeitern ist f\u00fcr die gesamte Prozessentwicklung bis hin zur logistischen Vorbereitung zust\u00e4ndig und erm\u00f6glicht es ADtech, Kunden in Europa, dem Nahen Osten, S\u00fcdostasien und dar\u00fcber hinaus zu bedienen.<\/p><p data-start=\"1754\" data-end=\"2063\">Wenn Sie sich f\u00fcr eine Partnerschaft mit ADtech entscheiden, w\u00e4hlen Sie einen Fertigungspartner, der nicht nur branchenspezifische Ger\u00e4te liefert, sondern auch mit einer robusten Produktionsinfrastruktur, dokumentierten Qualit\u00e4tssystemen und globalen Servicekapazit\u00e4ten dahinter steht.<\/p>\t\t\t\t\t\t\t\t<\/div>\n\t\t\t\t<\/div>\n\t\t\t\t\t<\/div>\n\t\t\t\t<\/div>\n\t\t<div class=\"elementor-element elementor-element-8188964 e-flex e-con-boxed e-con e-parent\" data-id=\"8188964\" data-element_type=\"container\">\n\t\t\t\t\t<div class=\"e-con-inner\">\n\t\t<div class=\"elementor-element elementor-element-0d4c2dd e-con-full e-flex e-con e-child\" data-id=\"0d4c2dd\" data-element_type=\"container\">\n\t\t\t\t<div class=\"elementor-element elementor-element-6d454ba elementor-widget elementor-widget-image\" data-id=\"6d454ba\" data-element_type=\"widget\" data-widget_type=\"image.default\">\n\t\t\t\t<div class=\"elementor-widget-container\">\n\t\t\t\t\t\t\t\t\t\t\t\t\t\t\t<img fetchpriority=\"high\" decoding=\"async\" width=\"600\" height=\"400\" src=\"https:\/\/www.c-adtech.com\/wp-content\/uploads\/2025\/11\/FACTORY-SHOW1.webp\" class=\"attachment-large size-large wp-image-1829\" alt=\"FACTORY SHOW\" srcset=\"https:\/\/www.c-adtech.com\/wp-content\/uploads\/2025\/11\/FACTORY-SHOW1.webp 600w, https:\/\/www.c-adtech.com\/wp-content\/uploads\/2025\/11\/FACTORY-SHOW1-300x200.webp 300w\" sizes=\"(max-width: 600px) 100vw, 600px\" \/>\t\t\t\t\t\t\t\t\t\t\t\t\t\t\t<\/div>\n\t\t\t\t<\/div>\n\t\t\t\t<\/div>\n\t\t<div class=\"elementor-element elementor-element-d2db5ab e-con-full e-flex e-con e-child\" data-id=\"d2db5ab\" data-element_type=\"container\">\n\t\t\t\t<div class=\"elementor-element elementor-element-2452260 elementor-widget elementor-widget-image\" data-id=\"2452260\" data-element_type=\"widget\" data-widget_type=\"image.default\">\n\t\t\t\t<div class=\"elementor-widget-container\">\n\t\t\t\t\t\t\t\t\t\t\t\t\t\t\t<img decoding=\"async\" width=\"600\" height=\"400\" src=\"https:\/\/www.c-adtech.com\/wp-content\/uploads\/2025\/11\/FACTORY-SHOW2.webp\" class=\"attachment-large size-large wp-image-1828\" alt=\"FACTORY SHOW\" srcset=\"https:\/\/www.c-adtech.com\/wp-content\/uploads\/2025\/11\/FACTORY-SHOW2.webp 600w, https:\/\/www.c-adtech.com\/wp-content\/uploads\/2025\/11\/FACTORY-SHOW2-300x200.webp 300w\" sizes=\"(max-width: 600px) 100vw, 600px\" \/>\t\t\t\t\t\t\t\t\t\t\t\t\t\t\t<\/div>\n\t\t\t\t<\/div>\n\t\t\t\t<\/div>\n\t\t<div class=\"elementor-element elementor-element-13d7a59 e-con-full e-flex e-con e-child\" data-id=\"13d7a59\" data-element_type=\"container\">\n\t\t\t\t<div class=\"elementor-element elementor-element-423019e elementor-widget elementor-widget-image\" data-id=\"423019e\" data-element_type=\"widget\" data-widget_type=\"image.default\">\n\t\t\t\t<div class=\"elementor-widget-container\">\n\t\t\t\t\t\t\t\t\t\t\t\t\t\t\t<img decoding=\"async\" width=\"600\" height=\"400\" src=\"https:\/\/www.c-adtech.com\/wp-content\/uploads\/2025\/11\/FACTORY-SHOW4.webp\" class=\"attachment-large size-large wp-image-1826\" alt=\"FACTORY SHOW\" srcset=\"https:\/\/www.c-adtech.com\/wp-content\/uploads\/2025\/11\/FACTORY-SHOW4.webp 600w, https:\/\/www.c-adtech.com\/wp-content\/uploads\/2025\/11\/FACTORY-SHOW4-300x200.webp 300w\" sizes=\"(max-width: 600px) 100vw, 600px\" \/>\t\t\t\t\t\t\t\t\t\t\t\t\t\t\t<\/div>\n\t\t\t\t<\/div>\n\t\t\t\t<\/div>\n\t\t<div class=\"elementor-element elementor-element-ae0798d e-con-full e-flex e-con e-child\" data-id=\"ae0798d\" data-element_type=\"container\">\n\t\t\t\t<div class=\"elementor-element elementor-element-79737df elementor-widget elementor-widget-image\" data-id=\"79737df\" data-element_type=\"widget\" data-widget_type=\"image.default\">\n\t\t\t\t<div class=\"elementor-widget-container\">\n\t\t\t\t\t\t\t\t\t\t\t\t\t\t\t<img loading=\"lazy\" decoding=\"async\" width=\"600\" height=\"400\" src=\"https:\/\/www.c-adtech.com\/wp-content\/uploads\/2025\/11\/FACTORY-SHOW5.webp\" class=\"attachment-large size-large wp-image-1825\" alt=\"FACTORY SHOW\" srcset=\"https:\/\/www.c-adtech.com\/wp-content\/uploads\/2025\/11\/FACTORY-SHOW5.webp 600w, https:\/\/www.c-adtech.com\/wp-content\/uploads\/2025\/11\/FACTORY-SHOW5-300x200.webp 300w\" sizes=\"(max-width: 600px) 100vw, 600px\" \/>\t\t\t\t\t\t\t\t\t\t\t\t\t\t\t<\/div>\n\t\t\t\t<\/div>\n\t\t\t\t<\/div>\n\t\t\t\t\t<\/div>\n\t\t\t\t<\/div>\n\t\t\t\t<\/div>","protected":false},"excerpt":{"rendered":"<p>Factory Workshops At ADtech, our factory and workshops embody a full\u2011scale production ecosystem designed for the high\u2011precision demands of the aluminum casting industry. Founded in 2012 and operating out of a modern facility covering over 20,000\u202fm\u00b2 in Wenxian, China, our manufacturing complex integrates research, production, assembly and testing under one roof. Within our workshops, advanced [&hellip;]<\/p>\n","protected":false},"author":1,"featured_media":0,"parent":0,"menu_order":0,"comment_status":"closed","ping_status":"closed","template":"","meta":{"_acf_changed":false,"site-sidebar-layout":"no-sidebar","site-content-layout":"page-builder","ast-site-content-layout":"full-width-container","site-content-style":"default","site-sidebar-style":"default","ast-global-header-display":"","ast-banner-title-visibility":"","ast-main-header-display":"","ast-hfb-above-header-display":"","ast-hfb-below-header-display":"","ast-hfb-mobile-header-display":"","site-post-title":"disabled","ast-breadcrumbs-content":"disabled","ast-featured-img":"disabled","footer-sml-layout":"","theme-transparent-header-meta":"default","adv-header-id-meta":"","stick-header-meta":"default","header-above-stick-meta":"","header-main-stick-meta":"","header-below-stick-meta":"","astra-migrate-meta-layouts":"set","ast-page-background-enabled":"default","ast-page-background-meta":{"desktop":{"background-color":"var(--ast-global-color-4)","background-image":"","background-repeat":"repeat","background-position":"center center","background-size":"auto","background-attachment":"scroll","background-type":"","background-media":"","overlay-type":"","overlay-color":"","overlay-opacity":"","overlay-gradient":""},"tablet":{"background-color":"","background-image":"","background-repeat":"repeat","background-position":"center center","background-size":"auto","background-attachment":"scroll","background-type":"","background-media":"","overlay-type":"","overlay-color":"","overlay-opacity":"","overlay-gradient":""},"mobile":{"background-color":"","background-image":"","background-repeat":"repeat","background-position":"center center","background-size":"auto","background-attachment":"scroll","background-type":"","background-media":"","overlay-type":"","overlay-color":"","overlay-opacity":"","overlay-gradient":""}},"ast-content-background-meta":{"desktop":{"background-color":"var(--ast-global-color-5)","background-image":"","background-repeat":"repeat","background-position":"center center","background-size":"auto","background-attachment":"scroll","background-type":"","background-media":"","overlay-type":"","overlay-color":"","overlay-opacity":"","overlay-gradient":""},"tablet":{"background-color":"var(--ast-global-color-5)","background-image":"","background-repeat":"repeat","background-position":"center center","background-size":"auto","background-attachment":"scroll","background-type":"","background-media":"","overlay-type":"","overlay-color":"","overlay-opacity":"","overlay-gradient":""},"mobile":{"background-color":"var(--ast-global-color-5)","background-image":"","background-repeat":"repeat","background-position":"center center","background-size":"auto","background-attachment":"scroll","background-type":"","background-media":"","overlay-type":"","overlay-color":"","overlay-opacity":"","overlay-gradient":""}},"footnotes":""},"class_list":["post-1661","page","type-page","status-publish","hentry"],"acf":[],"yoast_head":"<!-- This site is optimized with the Yoast SEO plugin v26.8 - https:\/\/yoast.com\/product\/yoast-seo-wordpress\/ -->\n<title>Factory &amp; Workshops - ADtech Manufacturing Facility- AdTech<\/title>\n<meta name=\"description\" content=\"Explore ADtech&#039;s factory and workshops: production for degassing units, ceramic foam filters, filtration systems, QA testing and assembly.\" \/>\n<meta name=\"robots\" content=\"index, follow, max-snippet:-1, max-image-preview:large, max-video-preview:-1\" \/>\n<link rel=\"canonical\" href=\"https:\/\/www.c-adtech.com\/de\/factory-workshops\/\" \/>\n<meta property=\"og:locale\" content=\"de_DE\" \/>\n<meta property=\"og:type\" content=\"article\" \/>\n<meta property=\"og:title\" content=\"Factory &amp; Workshops - ADtech Manufacturing Facility- AdTech\" \/>\n<meta property=\"og:description\" content=\"Explore ADtech&#039;s factory and workshops: production for degassing units, ceramic foam filters, filtration systems, QA testing and assembly.\" \/>\n<meta property=\"og:url\" content=\"https:\/\/www.c-adtech.com\/de\/factory-workshops\/\" \/>\n<meta property=\"og:site_name\" content=\"AdTech\" \/>\n<meta property=\"article:publisher\" content=\"https:\/\/www.facebook.com\/people\/AdTech-Metallurgical-Materials-Co-Ltd\/100064039905332\/\" \/>\n<meta property=\"article:modified_time\" content=\"2025-11-18T03:10:14+00:00\" \/>\n<meta property=\"og:image\" content=\"http:\/\/en.tioxhua.com\/wp-content\/uploads\/2025\/11\/FACTORY-SHOW1.webp\" \/>\n<meta name=\"twitter:card\" content=\"summary_large_image\" \/>\n<meta name=\"twitter:label1\" content=\"Gesch\u00e4tzte Lesezeit\" \/>\n\t<meta name=\"twitter:data1\" content=\"2\u00a0Minuten\" \/>\n<script type=\"application\/ld+json\" class=\"yoast-schema-graph\">{\"@context\":\"https:\/\/schema.org\",\"@graph\":[{\"@type\":\"WebPage\",\"@id\":\"https:\/\/www.c-adtech.com\/factory-workshops\/\",\"url\":\"https:\/\/www.c-adtech.com\/factory-workshops\/\",\"name\":\"Factory & Workshops - ADtech Manufacturing Facility- AdTech\",\"isPartOf\":{\"@id\":\"https:\/\/www.c-adtech.com\/es\/#website\"},\"primaryImageOfPage\":{\"@id\":\"https:\/\/www.c-adtech.com\/factory-workshops\/#primaryimage\"},\"image\":{\"@id\":\"https:\/\/www.c-adtech.com\/factory-workshops\/#primaryimage\"},\"thumbnailUrl\":\"http:\/\/en.tioxhua.com\/wp-content\/uploads\/2025\/11\/FACTORY-SHOW1.webp\",\"datePublished\":\"2025-11-17T01:18:29+00:00\",\"dateModified\":\"2025-11-18T03:10:14+00:00\",\"description\":\"Explore ADtech's factory and workshops: production for degassing units, ceramic foam filters, filtration systems, QA testing and assembly.\",\"breadcrumb\":{\"@id\":\"https:\/\/www.c-adtech.com\/factory-workshops\/#breadcrumb\"},\"inLanguage\":\"de\",\"potentialAction\":[{\"@type\":\"ReadAction\",\"target\":[\"https:\/\/www.c-adtech.com\/factory-workshops\/\"]}]},{\"@type\":\"ImageObject\",\"inLanguage\":\"de\",\"@id\":\"https:\/\/www.c-adtech.com\/factory-workshops\/#primaryimage\",\"url\":\"http:\/\/en.tioxhua.com\/wp-content\/uploads\/2025\/11\/FACTORY-SHOW1.webp\",\"contentUrl\":\"http:\/\/en.tioxhua.com\/wp-content\/uploads\/2025\/11\/FACTORY-SHOW1.webp\"},{\"@type\":\"BreadcrumbList\",\"@id\":\"https:\/\/www.c-adtech.com\/factory-workshops\/#breadcrumb\",\"itemListElement\":[{\"@type\":\"ListItem\",\"position\":1,\"name\":\"Home\",\"item\":\"https:\/\/www.c-adtech.com\/es\/\"},{\"@type\":\"ListItem\",\"position\":2,\"name\":\"Factory Workshops\"}]},{\"@type\":\"WebSite\",\"@id\":\"https:\/\/www.c-adtech.com\/es\/#website\",\"url\":\"https:\/\/www.c-adtech.com\/es\/\",\"name\":\"AdTech\",\"description\":\"Aluminum Degassing, Filtration Equipment\",\"publisher\":{\"@id\":\"https:\/\/www.c-adtech.com\/es\/#organization\"},\"potentialAction\":[{\"@type\":\"SearchAction\",\"target\":{\"@type\":\"EntryPoint\",\"urlTemplate\":\"https:\/\/www.c-adtech.com\/es\/?s={search_term_string}\"},\"query-input\":{\"@type\":\"PropertyValueSpecification\",\"valueRequired\":true,\"valueName\":\"search_term_string\"}}],\"inLanguage\":\"de\"},{\"@type\":\"Organization\",\"@id\":\"https:\/\/www.c-adtech.com\/es\/#organization\",\"name\":\"AdTech\",\"url\":\"https:\/\/www.c-adtech.com\/es\/\",\"logo\":{\"@type\":\"ImageObject\",\"inLanguage\":\"de\",\"@id\":\"https:\/\/www.c-adtech.com\/es\/#\/schema\/logo\/image\/\",\"url\":\"https:\/\/www.c-adtech.com\/wp-content\/uploads\/2025\/11\/logo.webp\",\"contentUrl\":\"https:\/\/www.c-adtech.com\/wp-content\/uploads\/2025\/11\/logo.webp\",\"width\":230,\"height\":70,\"caption\":\"AdTech\"},\"image\":{\"@id\":\"https:\/\/www.c-adtech.com\/es\/#\/schema\/logo\/image\/\"},\"sameAs\":[\"https:\/\/www.facebook.com\/people\/AdTech-Metallurgical-Materials-Co-Ltd\/100064039905332\/\"]}]}<\/script>\n<!-- \/ Yoast SEO plugin. -->","yoast_head_json":{"title":"Fabrik &amp; Werkst\u00e4tten - ADtech Produktionsst\u00e4tte- AdTech","description":"Entdecken Sie die Fabrik und die Werkst\u00e4tten von ADtech: Produktion von Entgasungsanlagen, Schaumkeramikfiltern, Filtersystemen, QS-Pr\u00fcfungen und Montage.","robots":{"index":"index","follow":"follow","max-snippet":"max-snippet:-1","max-image-preview":"max-image-preview:large","max-video-preview":"max-video-preview:-1"},"canonical":"https:\/\/www.c-adtech.com\/de\/factory-workshops\/","og_locale":"de_DE","og_type":"article","og_title":"Factory & Workshops - ADtech Manufacturing Facility- AdTech","og_description":"Explore ADtech's factory and workshops: production for degassing units, ceramic foam filters, filtration systems, QA testing and assembly.","og_url":"https:\/\/www.c-adtech.com\/de\/factory-workshops\/","og_site_name":"AdTech","article_publisher":"https:\/\/www.facebook.com\/people\/AdTech-Metallurgical-Materials-Co-Ltd\/100064039905332\/","article_modified_time":"2025-11-18T03:10:14+00:00","og_image":[{"url":"http:\/\/en.tioxhua.com\/wp-content\/uploads\/2025\/11\/FACTORY-SHOW1.webp","type":"","width":"","height":""}],"twitter_card":"summary_large_image","twitter_misc":{"Gesch\u00e4tzte Lesezeit":"2\u00a0Minuten"},"schema":{"@context":"https:\/\/schema.org","@graph":[{"@type":"WebPage","@id":"https:\/\/www.c-adtech.com\/factory-workshops\/","url":"https:\/\/www.c-adtech.com\/factory-workshops\/","name":"Fabrik &amp; Werkst\u00e4tten - ADtech Produktionsst\u00e4tte- AdTech","isPartOf":{"@id":"https:\/\/www.c-adtech.com\/es\/#website"},"primaryImageOfPage":{"@id":"https:\/\/www.c-adtech.com\/factory-workshops\/#primaryimage"},"image":{"@id":"https:\/\/www.c-adtech.com\/factory-workshops\/#primaryimage"},"thumbnailUrl":"http:\/\/en.tioxhua.com\/wp-content\/uploads\/2025\/11\/FACTORY-SHOW1.webp","datePublished":"2025-11-17T01:18:29+00:00","dateModified":"2025-11-18T03:10:14+00:00","description":"Entdecken Sie die Fabrik und die Werkst\u00e4tten von ADtech: Produktion von Entgasungsanlagen, Schaumkeramikfiltern, Filtersystemen, QS-Pr\u00fcfungen und Montage.","breadcrumb":{"@id":"https:\/\/www.c-adtech.com\/factory-workshops\/#breadcrumb"},"inLanguage":"de","potentialAction":[{"@type":"ReadAction","target":["https:\/\/www.c-adtech.com\/factory-workshops\/"]}]},{"@type":"ImageObject","inLanguage":"de","@id":"https:\/\/www.c-adtech.com\/factory-workshops\/#primaryimage","url":"http:\/\/en.tioxhua.com\/wp-content\/uploads\/2025\/11\/FACTORY-SHOW1.webp","contentUrl":"http:\/\/en.tioxhua.com\/wp-content\/uploads\/2025\/11\/FACTORY-SHOW1.webp"},{"@type":"BreadcrumbList","@id":"https:\/\/www.c-adtech.com\/factory-workshops\/#breadcrumb","itemListElement":[{"@type":"ListItem","position":1,"name":"Home","item":"https:\/\/www.c-adtech.com\/es\/"},{"@type":"ListItem","position":2,"name":"Factory Workshops"}]},{"@type":"WebSite","@id":"https:\/\/www.c-adtech.com\/es\/#website","url":"https:\/\/www.c-adtech.com\/es\/","name":"AdTech","description":"Aluminium-Entgasung, Filtrationsanlagen","publisher":{"@id":"https:\/\/www.c-adtech.com\/es\/#organization"},"potentialAction":[{"@type":"SearchAction","target":{"@type":"EntryPoint","urlTemplate":"https:\/\/www.c-adtech.com\/es\/?s={search_term_string}"},"query-input":{"@type":"PropertyValueSpecification","valueRequired":true,"valueName":"search_term_string"}}],"inLanguage":"de"},{"@type":"Organization","@id":"https:\/\/www.c-adtech.com\/es\/#organization","name":"AdTech","url":"https:\/\/www.c-adtech.com\/es\/","logo":{"@type":"ImageObject","inLanguage":"de","@id":"https:\/\/www.c-adtech.com\/es\/#\/schema\/logo\/image\/","url":"https:\/\/www.c-adtech.com\/wp-content\/uploads\/2025\/11\/logo.webp","contentUrl":"https:\/\/www.c-adtech.com\/wp-content\/uploads\/2025\/11\/logo.webp","width":230,"height":70,"caption":"AdTech"},"image":{"@id":"https:\/\/www.c-adtech.com\/es\/#\/schema\/logo\/image\/"},"sameAs":["https:\/\/www.facebook.com\/people\/AdTech-Metallurgical-Materials-Co-Ltd\/100064039905332\/"]}]}},"_links":{"self":[{"href":"https:\/\/www.c-adtech.com\/de\/wp-json\/wp\/v2\/pages\/1661","targetHints":{"allow":["GET"]}}],"collection":[{"href":"https:\/\/www.c-adtech.com\/de\/wp-json\/wp\/v2\/pages"}],"about":[{"href":"https:\/\/www.c-adtech.com\/de\/wp-json\/wp\/v2\/types\/page"}],"author":[{"embeddable":true,"href":"https:\/\/www.c-adtech.com\/de\/wp-json\/wp\/v2\/users\/1"}],"replies":[{"embeddable":true,"href":"https:\/\/www.c-adtech.com\/de\/wp-json\/wp\/v2\/comments?post=1661"}],"version-history":[{"count":18,"href":"https:\/\/www.c-adtech.com\/de\/wp-json\/wp\/v2\/pages\/1661\/revisions"}],"predecessor-version":[{"id":1907,"href":"https:\/\/www.c-adtech.com\/de\/wp-json\/wp\/v2\/pages\/1661\/revisions\/1907"}],"wp:attachment":[{"href":"https:\/\/www.c-adtech.com\/de\/wp-json\/wp\/v2\/media?parent=1661"}],"curies":[{"name":"wp","href":"https:\/\/api.w.org\/{rel}","templated":true}]}}