{"id":1647,"date":"2025-11-17T09:07:43","date_gmt":"2025-11-17T01:07:43","guid":{"rendered":"http:\/\/www.tioxhua.com\/?page_id=1647"},"modified":"2026-01-05T10:46:21","modified_gmt":"2026-01-05T02:46:21","slug":"certifications","status":"publish","type":"page","link":"https:\/\/www.c-adtech.com\/de\/certifications\/","title":{"rendered":"Zertifizierungen"},"content":{"rendered":"<div data-elementor-type=\"wp-page\" data-elementor-id=\"1647\" class=\"elementor elementor-1647\" data-elementor-post-type=\"page\">\n\t\t\t\t<div class=\"elementor-element elementor-element-744433a e-flex e-con-boxed e-con e-parent\" data-id=\"744433a\" data-element_type=\"container\">\n\t\t\t\t\t<div class=\"e-con-inner\">\n\t\t\t\t<div class=\"elementor-element elementor-element-83af712 elementor-widget elementor-widget-heading\" data-id=\"83af712\" data-element_type=\"widget\" data-widget_type=\"heading.default\">\n\t\t\t\t<div class=\"elementor-widget-container\">\n\t\t\t\t\t<h1 class=\"elementor-heading-title elementor-size-default\">Zertifizierungen<\/h1>\t\t\t\t<\/div>\n\t\t\t\t<\/div>\n\t\t\t\t\t<\/div>\n\t\t\t\t<\/div>\n\t\t<div class=\"elementor-element elementor-element-8ed2d13 e-flex e-con-boxed e-con e-parent\" data-id=\"8ed2d13\" data-element_type=\"container\">\n\t\t\t\t\t<div class=\"e-con-inner\">\n\t\t\t\t<div class=\"elementor-element elementor-element-e571d4b elementor-widget elementor-widget-text-editor\" data-id=\"e571d4b\" data-element_type=\"widget\" data-widget_type=\"text-editor.default\">\n\t\t\t\t<div class=\"elementor-widget-container\">\n\t\t\t\t\t\t\t\t\t<p data-start=\"97\" data-end=\"459\">Bei ADtech stehen Qualit\u00e4t und Zuverl\u00e4ssigkeit an erster Stelle. Wir verf\u00fcgen \u00fcber verschiedene Branchenzertifizierungen, die die hervorragende Qualit\u00e4t unserer Produkte und Dienstleistungen best\u00e4tigen. Unsere Zertifizierungen spiegeln unser Engagement f\u00fcr die Einhaltung globaler Standards wider und stellen sicher, dass unsere Aluminiumentgasungssysteme, Filtrationseinheiten und andere Gie\u00dfereil\u00f6sungen die h\u00f6chsten Qualit\u00e4tsstandards erf\u00fcllen.<\/p><h3 data-start=\"461\" data-end=\"492\">Unsere Zertifizierungen umfassen:<\/h3><ul data-start=\"493\" data-end=\"992\"><li data-start=\"493\" data-end=\"609\"><p data-start=\"495\" data-end=\"609\"><strong data-start=\"495\" data-end=\"508\">ISO 9001:<\/strong> Qualit\u00e4tsmanagementsysteme, die die Konsistenz und Exzellenz unserer Herstellungsprozesse gew\u00e4hrleisten.<\/p><\/li><li data-start=\"610\" data-end=\"761\"><p data-start=\"612\" data-end=\"761\"><strong data-start=\"612\" data-end=\"626\">ISO 14001:<\/strong> Umweltmanagement-Zertifizierung, die unser Engagement f\u00fcr Nachhaltigkeit und umweltfreundliche Praktiken in unserem Betrieb unterstreicht.<\/p><\/li><li data-start=\"762\" data-end=\"891\"><p data-start=\"764\" data-end=\"891\"><strong data-start=\"764\" data-end=\"785\">CE-Zertifizierung:<\/strong> Einhaltung der Sicherheits-, Gesundheits- und Umweltschutzstandards der Europ\u00e4ischen Union f\u00fcr unsere Produkte.<\/p><\/li><li data-start=\"892\" data-end=\"992\"><p data-start=\"894\" data-end=\"992\"><strong data-start=\"894\" data-end=\"916\">SGS-Zertifizierung:<\/strong> Sicherstellung der Produktqualit\u00e4t und -leistung durch \u00dcberpr\u00fcfung durch Dritte.<\/p><\/li><\/ul><p data-start=\"994\" data-end=\"1293\">Wir sind st\u00e4ndig bestrebt, die Industriestandards zu \u00fcbertreffen und unseren Kunden modernste Technologie und zuverl\u00e4ssige Unterst\u00fctzung zu bieten. Diese Zertifizierungen bef\u00e4higen ADtech, globale Aluminiumgie\u00dfereien zu bedienen und Produkte anzubieten, die hohe Leistung, Betriebssicherheit und Umweltverantwortung gew\u00e4hrleisten.<\/p>\t\t\t\t\t\t\t\t<\/div>\n\t\t\t\t<\/div>\n\t\t\t\t\t<\/div>\n\t\t\t\t<\/div>\n\t\t<div class=\"elementor-element elementor-element-9820dc5 e-flex e-con-boxed e-con e-parent\" data-id=\"9820dc5\" data-element_type=\"container\">\n\t\t\t\t\t<div class=\"e-con-inner\">\n\t\t\t\t<div class=\"elementor-element elementor-element-a9c0bf6 elementor-arrows-position-inside elementor-pagination-position-outside elementor-widget elementor-widget-image-carousel\" data-id=\"a9c0bf6\" data-element_type=\"widget\" data-settings=\"{&quot;navigation&quot;:&quot;both&quot;,&quot;autoplay&quot;:&quot;yes&quot;,&quot;pause_on_hover&quot;:&quot;yes&quot;,&quot;pause_on_interaction&quot;:&quot;yes&quot;,&quot;autoplay_speed&quot;:5000,&quot;infinite&quot;:&quot;yes&quot;,&quot;speed&quot;:500}\" data-widget_type=\"image-carousel.default\">\n\t\t\t\t<div class=\"elementor-widget-container\">\n\t\t\t\t\t\t\t<div class=\"elementor-image-carousel-wrapper swiper\" role=\"region\" aria-roledescription=\"carousel\" aria-label=\"Bildkarussell\" dir=\"ltr\">\n\t\t\t<div class=\"elementor-image-carousel swiper-wrapper\" aria-live=\"off\">\n\t\t\t\t\t\t\t\t<div class=\"swiper-slide\" role=\"group\" aria-roledescription=\"slide\" aria-label=\"1 von 3\"><figure class=\"swiper-slide-inner\"><img decoding=\"async\" class=\"swiper-slide-image\" src=\"https:\/\/www.c-adtech.com\/wp-content\/uploads\/2026\/01\/Certificate-of-Honor0.webp\" alt=\"Zertifikat\" \/><\/figure><\/div><div class=\"swiper-slide\" role=\"group\" aria-roledescription=\"slide\" aria-label=\"2 von 3\"><figure class=\"swiper-slide-inner\"><img decoding=\"async\" class=\"swiper-slide-image\" src=\"https:\/\/www.c-adtech.com\/wp-content\/uploads\/2026\/01\/Certificate-of-Honor02.webp\" alt=\"Zertifikat\" \/><\/figure><\/div><div class=\"swiper-slide\" role=\"group\" aria-roledescription=\"slide\" aria-label=\"3 von 3\"><figure class=\"swiper-slide-inner\"><img decoding=\"async\" class=\"swiper-slide-image\" src=\"https:\/\/www.c-adtech.com\/wp-content\/uploads\/2026\/01\/Certificate-of-Honor01.webp\" alt=\"Zertifikat\" \/><\/figure><\/div>\t\t\t<\/div>\n\t\t\t\t\t\t\t\t\t\t\t\t<div class=\"elementor-swiper-button elementor-swiper-button-prev\" role=\"button\" tabindex=\"0\">\n\t\t\t\t\t\t<i aria-hidden=\"true\" class=\"eicon-chevron-left\"><\/i>\t\t\t\t\t<\/div>\n\t\t\t\t\t<div class=\"elementor-swiper-button elementor-swiper-button-next\" role=\"button\" tabindex=\"0\">\n\t\t\t\t\t\t<i aria-hidden=\"true\" class=\"eicon-chevron-right\"><\/i>\t\t\t\t\t<\/div>\n\t\t\t\t\n\t\t\t\t\t\t\t\t\t<div class=\"swiper-pagination\"><\/div>\n\t\t\t\t\t\t\t\t\t<\/div>\n\t\t\t\t\t\t<\/div>\n\t\t\t\t<\/div>\n\t\t\t\t\t<\/div>\n\t\t\t\t<\/div>\n\t\t\t\t<\/div>","protected":false},"excerpt":{"rendered":"<p>Certifications At ADtech, quality and reliability are our top priorities. We hold various industry certifications that validate the excellence of our products and services. Our certifications reflect our commitment to adhering to global standards, ensuring that our aluminum degassing systems, filtration units, and other foundry solutions meet the highest quality benchmarks. Our Certifications Include: ISO [&hellip;]<\/p>\n","protected":false},"author":1,"featured_media":0,"parent":0,"menu_order":0,"comment_status":"closed","ping_status":"closed","template":"","meta":{"_acf_changed":false,"site-sidebar-layout":"no-sidebar","site-content-layout":"page-builder","ast-site-content-layout":"full-width-container","site-content-style":"default","site-sidebar-style":"default","ast-global-header-display":"","ast-banner-title-visibility":"","ast-main-header-display":"","ast-hfb-above-header-display":"","ast-hfb-below-header-display":"","ast-hfb-mobile-header-display":"","site-post-title":"disabled","ast-breadcrumbs-content":"disabled","ast-featured-img":"disabled","footer-sml-layout":"","theme-transparent-header-meta":"default","adv-header-id-meta":"","stick-header-meta":"default","header-above-stick-meta":"","header-main-stick-meta":"","header-below-stick-meta":"","astra-migrate-meta-layouts":"set","ast-page-background-enabled":"default","ast-page-background-meta":{"desktop":{"background-color":"var(--ast-global-color-4)","background-image":"","background-repeat":"repeat","background-position":"center center","background-size":"auto","background-attachment":"scroll","background-type":"","background-media":"","overlay-type":"","overlay-color":"","overlay-opacity":"","overlay-gradient":""},"tablet":{"background-color":"","background-image":"","background-repeat":"repeat","background-position":"center center","background-size":"auto","background-attachment":"scroll","background-type":"","background-media":"","overlay-type":"","overlay-color":"","overlay-opacity":"","overlay-gradient":""},"mobile":{"background-color":"","background-image":"","background-repeat":"repeat","background-position":"center center","background-size":"auto","background-attachment":"scroll","background-type":"","background-media":"","overlay-type":"","overlay-color":"","overlay-opacity":"","overlay-gradient":""}},"ast-content-background-meta":{"desktop":{"background-color":"var(--ast-global-color-5)","background-image":"","background-repeat":"repeat","background-position":"center center","background-size":"auto","background-attachment":"scroll","background-type":"","background-media":"","overlay-type":"","overlay-color":"","overlay-opacity":"","overlay-gradient":""},"tablet":{"background-color":"var(--ast-global-color-5)","background-image":"","background-repeat":"repeat","background-position":"center center","background-size":"auto","background-attachment":"scroll","background-type":"","background-media":"","overlay-type":"","overlay-color":"","overlay-opacity":"","overlay-gradient":""},"mobile":{"background-color":"var(--ast-global-color-5)","background-image":"","background-repeat":"repeat","background-position":"center center","background-size":"auto","background-attachment":"scroll","background-type":"","background-media":"","overlay-type":"","overlay-color":"","overlay-opacity":"","overlay-gradient":""}},"footnotes":""},"class_list":["post-1647","page","type-page","status-publish","hentry"],"acf":[],"yoast_head":"<!-- This site is optimized with the Yoast SEO plugin v26.8 - https:\/\/yoast.com\/product\/yoast-seo-wordpress\/ -->\n<title>Certifications, ADtech Quality &amp; Compliance - AdTech<\/title>\n<meta name=\"description\" content=\"See ADtech&#039;s certifications and compliance documents for online degassing units, ceramic foam filters and filtration systems for aluminum foundries.\" \/>\n<meta name=\"robots\" content=\"index, follow, max-snippet:-1, max-image-preview:large, max-video-preview:-1\" \/>\n<link rel=\"canonical\" href=\"https:\/\/www.c-adtech.com\/de\/certifications\/\" \/>\n<meta property=\"og:locale\" content=\"de_DE\" \/>\n<meta property=\"og:type\" content=\"article\" \/>\n<meta property=\"og:title\" content=\"Certifications, ADtech Quality &amp; Compliance - AdTech\" \/>\n<meta property=\"og:description\" content=\"See ADtech&#039;s certifications and compliance documents for online degassing units, ceramic foam filters and filtration systems for aluminum foundries.\" \/>\n<meta property=\"og:url\" content=\"https:\/\/www.c-adtech.com\/de\/certifications\/\" \/>\n<meta property=\"og:site_name\" content=\"AdTech\" \/>\n<meta property=\"article:publisher\" content=\"https:\/\/www.facebook.com\/people\/AdTech-Metallurgical-Materials-Co-Ltd\/100064039905332\/\" \/>\n<meta property=\"article:modified_time\" content=\"2026-01-05T02:46:21+00:00\" \/>\n<meta property=\"og:image\" content=\"http:\/\/www.c-adtech.com\/wp-content\/uploads\/2026\/01\/Certificate-of-Honor0.webp\" \/>\n<meta name=\"twitter:card\" content=\"summary_large_image\" \/>\n<meta name=\"twitter:label1\" content=\"Gesch\u00e4tzte Lesezeit\" \/>\n\t<meta name=\"twitter:data1\" content=\"3\u00a0Minuten\" \/>\n<script type=\"application\/ld+json\" class=\"yoast-schema-graph\">{\"@context\":\"https:\/\/schema.org\",\"@graph\":[{\"@type\":\"WebPage\",\"@id\":\"https:\/\/www.c-adtech.com\/certifications\/\",\"url\":\"https:\/\/www.c-adtech.com\/certifications\/\",\"name\":\"Certifications, ADtech Quality & Compliance - AdTech\",\"isPartOf\":{\"@id\":\"https:\/\/www.c-adtech.com\/es\/#website\"},\"primaryImageOfPage\":{\"@id\":\"https:\/\/www.c-adtech.com\/certifications\/#primaryimage\"},\"image\":{\"@id\":\"https:\/\/www.c-adtech.com\/certifications\/#primaryimage\"},\"thumbnailUrl\":\"http:\/\/www.c-adtech.com\/wp-content\/uploads\/2026\/01\/Certificate-of-Honor0.webp\",\"datePublished\":\"2025-11-17T01:07:43+00:00\",\"dateModified\":\"2026-01-05T02:46:21+00:00\",\"description\":\"See ADtech's certifications and compliance documents for online degassing units, ceramic foam filters and filtration systems for aluminum foundries.\",\"breadcrumb\":{\"@id\":\"https:\/\/www.c-adtech.com\/certifications\/#breadcrumb\"},\"inLanguage\":\"de\",\"potentialAction\":[{\"@type\":\"ReadAction\",\"target\":[\"https:\/\/www.c-adtech.com\/certifications\/\"]}]},{\"@type\":\"ImageObject\",\"inLanguage\":\"de\",\"@id\":\"https:\/\/www.c-adtech.com\/certifications\/#primaryimage\",\"url\":\"http:\/\/www.c-adtech.com\/wp-content\/uploads\/2026\/01\/Certificate-of-Honor0.webp\",\"contentUrl\":\"http:\/\/www.c-adtech.com\/wp-content\/uploads\/2026\/01\/Certificate-of-Honor0.webp\"},{\"@type\":\"BreadcrumbList\",\"@id\":\"https:\/\/www.c-adtech.com\/certifications\/#breadcrumb\",\"itemListElement\":[{\"@type\":\"ListItem\",\"position\":1,\"name\":\"Home\",\"item\":\"https:\/\/www.c-adtech.com\/es\/\"},{\"@type\":\"ListItem\",\"position\":2,\"name\":\"Certifications\"}]},{\"@type\":\"WebSite\",\"@id\":\"https:\/\/www.c-adtech.com\/es\/#website\",\"url\":\"https:\/\/www.c-adtech.com\/es\/\",\"name\":\"AdTech\",\"description\":\"Aluminum Degassing, Filtration Equipment\",\"publisher\":{\"@id\":\"https:\/\/www.c-adtech.com\/es\/#organization\"},\"potentialAction\":[{\"@type\":\"SearchAction\",\"target\":{\"@type\":\"EntryPoint\",\"urlTemplate\":\"https:\/\/www.c-adtech.com\/es\/?s={search_term_string}\"},\"query-input\":{\"@type\":\"PropertyValueSpecification\",\"valueRequired\":true,\"valueName\":\"search_term_string\"}}],\"inLanguage\":\"de\"},{\"@type\":\"Organization\",\"@id\":\"https:\/\/www.c-adtech.com\/es\/#organization\",\"name\":\"AdTech\",\"url\":\"https:\/\/www.c-adtech.com\/es\/\",\"logo\":{\"@type\":\"ImageObject\",\"inLanguage\":\"de\",\"@id\":\"https:\/\/www.c-adtech.com\/es\/#\/schema\/logo\/image\/\",\"url\":\"https:\/\/www.c-adtech.com\/wp-content\/uploads\/2025\/11\/logo.webp\",\"contentUrl\":\"https:\/\/www.c-adtech.com\/wp-content\/uploads\/2025\/11\/logo.webp\",\"width\":230,\"height\":70,\"caption\":\"AdTech\"},\"image\":{\"@id\":\"https:\/\/www.c-adtech.com\/es\/#\/schema\/logo\/image\/\"},\"sameAs\":[\"https:\/\/www.facebook.com\/people\/AdTech-Metallurgical-Materials-Co-Ltd\/100064039905332\/\"]}]}<\/script>\n<!-- \/ Yoast SEO plugin. -->","yoast_head_json":{"title":"Zertifizierungen, ADtech Qualit\u00e4t &amp; Compliance - AdTech","description":"Sehen Sie sich die Zertifizierungen und Konformit\u00e4tsdokumente von ADtech f\u00fcr Online-Entgasungsanlagen, Schaumkeramikfilter und Filtersysteme f\u00fcr Aluminiumgie\u00dfereien an.","robots":{"index":"index","follow":"follow","max-snippet":"max-snippet:-1","max-image-preview":"max-image-preview:large","max-video-preview":"max-video-preview:-1"},"canonical":"https:\/\/www.c-adtech.com\/de\/certifications\/","og_locale":"de_DE","og_type":"article","og_title":"Certifications, ADtech Quality & Compliance - AdTech","og_description":"See ADtech's certifications and compliance documents for online degassing units, ceramic foam filters and filtration systems for aluminum foundries.","og_url":"https:\/\/www.c-adtech.com\/de\/certifications\/","og_site_name":"AdTech","article_publisher":"https:\/\/www.facebook.com\/people\/AdTech-Metallurgical-Materials-Co-Ltd\/100064039905332\/","article_modified_time":"2026-01-05T02:46:21+00:00","og_image":[{"url":"http:\/\/www.c-adtech.com\/wp-content\/uploads\/2026\/01\/Certificate-of-Honor0.webp","type":"","width":"","height":""}],"twitter_card":"summary_large_image","twitter_misc":{"Gesch\u00e4tzte Lesezeit":"3\u00a0Minuten"},"schema":{"@context":"https:\/\/schema.org","@graph":[{"@type":"WebPage","@id":"https:\/\/www.c-adtech.com\/certifications\/","url":"https:\/\/www.c-adtech.com\/certifications\/","name":"Zertifizierungen, ADtech Qualit\u00e4t &amp; Compliance - AdTech","isPartOf":{"@id":"https:\/\/www.c-adtech.com\/es\/#website"},"primaryImageOfPage":{"@id":"https:\/\/www.c-adtech.com\/certifications\/#primaryimage"},"image":{"@id":"https:\/\/www.c-adtech.com\/certifications\/#primaryimage"},"thumbnailUrl":"http:\/\/www.c-adtech.com\/wp-content\/uploads\/2026\/01\/Certificate-of-Honor0.webp","datePublished":"2025-11-17T01:07:43+00:00","dateModified":"2026-01-05T02:46:21+00:00","description":"Sehen Sie sich die Zertifizierungen und Konformit\u00e4tsdokumente von ADtech f\u00fcr Online-Entgasungsanlagen, Schaumkeramikfilter und Filtersysteme f\u00fcr Aluminiumgie\u00dfereien an.","breadcrumb":{"@id":"https:\/\/www.c-adtech.com\/certifications\/#breadcrumb"},"inLanguage":"de","potentialAction":[{"@type":"ReadAction","target":["https:\/\/www.c-adtech.com\/certifications\/"]}]},{"@type":"ImageObject","inLanguage":"de","@id":"https:\/\/www.c-adtech.com\/certifications\/#primaryimage","url":"http:\/\/www.c-adtech.com\/wp-content\/uploads\/2026\/01\/Certificate-of-Honor0.webp","contentUrl":"http:\/\/www.c-adtech.com\/wp-content\/uploads\/2026\/01\/Certificate-of-Honor0.webp"},{"@type":"BreadcrumbList","@id":"https:\/\/www.c-adtech.com\/certifications\/#breadcrumb","itemListElement":[{"@type":"ListItem","position":1,"name":"Home","item":"https:\/\/www.c-adtech.com\/es\/"},{"@type":"ListItem","position":2,"name":"Certifications"}]},{"@type":"WebSite","@id":"https:\/\/www.c-adtech.com\/es\/#website","url":"https:\/\/www.c-adtech.com\/es\/","name":"AdTech","description":"Aluminium-Entgasung, Filtrationsanlagen","publisher":{"@id":"https:\/\/www.c-adtech.com\/es\/#organization"},"potentialAction":[{"@type":"SearchAction","target":{"@type":"EntryPoint","urlTemplate":"https:\/\/www.c-adtech.com\/es\/?s={search_term_string}"},"query-input":{"@type":"PropertyValueSpecification","valueRequired":true,"valueName":"search_term_string"}}],"inLanguage":"de"},{"@type":"Organization","@id":"https:\/\/www.c-adtech.com\/es\/#organization","name":"AdTech","url":"https:\/\/www.c-adtech.com\/es\/","logo":{"@type":"ImageObject","inLanguage":"de","@id":"https:\/\/www.c-adtech.com\/es\/#\/schema\/logo\/image\/","url":"https:\/\/www.c-adtech.com\/wp-content\/uploads\/2025\/11\/logo.webp","contentUrl":"https:\/\/www.c-adtech.com\/wp-content\/uploads\/2025\/11\/logo.webp","width":230,"height":70,"caption":"AdTech"},"image":{"@id":"https:\/\/www.c-adtech.com\/es\/#\/schema\/logo\/image\/"},"sameAs":["https:\/\/www.facebook.com\/people\/AdTech-Metallurgical-Materials-Co-Ltd\/100064039905332\/"]}]}},"_links":{"self":[{"href":"https:\/\/www.c-adtech.com\/de\/wp-json\/wp\/v2\/pages\/1647","targetHints":{"allow":["GET"]}}],"collection":[{"href":"https:\/\/www.c-adtech.com\/de\/wp-json\/wp\/v2\/pages"}],"about":[{"href":"https:\/\/www.c-adtech.com\/de\/wp-json\/wp\/v2\/types\/page"}],"author":[{"embeddable":true,"href":"https:\/\/www.c-adtech.com\/de\/wp-json\/wp\/v2\/users\/1"}],"replies":[{"embeddable":true,"href":"https:\/\/www.c-adtech.com\/de\/wp-json\/wp\/v2\/comments?post=1647"}],"version-history":[{"count":24,"href":"https:\/\/www.c-adtech.com\/de\/wp-json\/wp\/v2\/pages\/1647\/revisions"}],"predecessor-version":[{"id":2609,"href":"https:\/\/www.c-adtech.com\/de\/wp-json\/wp\/v2\/pages\/1647\/revisions\/2609"}],"wp:attachment":[{"href":"https:\/\/www.c-adtech.com\/de\/wp-json\/wp\/v2\/media?parent=1647"}],"curies":[{"name":"wp","href":"https:\/\/api.w.org\/{rel}","templated":true}]}}